{"id":1147,"date":"2025-01-27T20:29:37","date_gmt":"2025-01-27T20:29:37","guid":{"rendered":"https:\/\/afgrc.com\/?page_id=1147"},"modified":"2025-01-28T16:41:09","modified_gmt":"2025-01-28T16:41:09","slug":"makale-rapor-ve-analiz-yazim-yonergesi","status":"publish","type":"page","link":"https:\/\/afgrc.com\/index.php\/tr\/makale-rapor-ve-analiz-yazim-yonergesi\/","title":{"rendered":"MAKALE, RAPOR VE ANAL\u0130Z YAZIM Y\u00d6NERGES\u0130"},"content":{"rendered":"\n<p><strong>Afganistan Ara\u015ft\u0131rmalar\u0131 ve \u00c7al\u0131\u015fmalar\u0131 Merkezi (AFGAM) \u2013 Makale, Rapor ve Analiz Yaz\u0131m Y\u00f6nergesi<\/strong><\/p>\n\n\n\n<p>De\u011ferli ara\u015ft\u0131rmac\u0131lar ve yazarlar,<\/p>\n\n\n\n<p>Afganistan Ara\u015ft\u0131rmalar\u0131 ve \u00c7al\u0131\u015fmalar\u0131 Merkezi (AFGAM) olarak, bilimsel \u00e7al\u0131\u015fmalar\u0131n daha sistemli ve akademik kurallara uygun \u015fekilde haz\u0131rlanmas\u0131na katk\u0131 sa\u011flamak amac\u0131yla <strong>&#8220;Makale, Rapor ve Analiz Yaz\u0131m Y\u00f6nergesi&#8221;<\/strong> adl\u0131 rehberi haz\u0131rlad\u0131k.<\/p>\n\n\n\n<p>Bu y\u00f6nerge, bilimsel \u00e7al\u0131\u015fmalar\u0131n\u0131z\u0131 haz\u0131rlarken dikkate alman\u0131z gereken temel kurallar\u0131 i\u00e7ermektedir. <\/p>\n\n\n\n<p>Akademik \u00e7al\u0131\u015fmalar\u0131n\u0131zda sizlere rehberlik etmesi amac\u0131yla haz\u0131rlanan bu belgeye a\u015fa\u011f\u0131daki ba\u011flant\u0131dan ula\u015fabilirsiniz:<\/p>\n\n\n\n<p><strong><a href=\"https:\/\/drive.google.com\/file\/d\/1PmCEhI0QK54mMtYpEm8AB3Ae8cthK768\/view?usp=sharing\" data-type=\"link\" data-id=\"https:\/\/drive.google.com\/file\/d\/1PmCEhI0QK54mMtYpEm8AB3Ae8cthK768\/view?usp=sharing\">PDF Dosyas\u0131n\u0131 \u0130ndirmek \u0130\u00e7in T\u0131klay\u0131n <\/a><\/strong><\/p>\n\n\n\n<p><strong>Bilimsel \u00e7al\u0131\u015fmalar\u0131n\u0131z\u0131 en y\u00fcksek akademik standartlara uygun \u015fekilde haz\u0131rlaman\u0131z dile\u011fiyle,<\/strong><\/p>\n\n\n\n<p><strong>Afganistan Ara\u015ft\u0131rmalar\u0131 ve \u00c7al\u0131\u015fmalar\u0131 Merkezi (AFGAM)<\/strong><\/p>\n","protected":false},"excerpt":{"rendered":"<p>Afganistan Ara\u015ft\u0131rmalar\u0131 ve \u00c7al\u0131\u015fmalar\u0131 Merkezi (AFGAM) \u2013 Makale, Rapor ve Analiz Yaz\u0131m Y\u00f6nergesi De\u011ferli ara\u015ft\u0131rmac\u0131lar ve yazarlar, Afganistan Ara\u015ft\u0131rmalar\u0131 ve \u00c7al\u0131\u015fmalar\u0131 Merkezi (AFGAM) olarak, bilimsel \u00e7al\u0131\u015fmalar\u0131n daha sistemli ve akademik kurallara uygun \u015fekilde haz\u0131rlanmas\u0131na katk\u0131 sa\u011flamak amac\u0131yla &#8220;Makale, Rapor ve Analiz Yaz\u0131m Y\u00f6nergesi&#8221; adl\u0131 rehberi haz\u0131rlad\u0131k. Bu y\u00f6nerge, bilimsel \u00e7al\u0131\u015fmalar\u0131n\u0131z\u0131 haz\u0131rlarken dikkate alman\u0131z gereken temel&#8230;<\/p>\n","protected":false},"author":2,"featured_media":0,"parent":0,"menu_order":0,"comment_status":"closed","ping_status":"closed","template":"","meta":{"footnotes":""},"_links":{"self":[{"href":"https:\/\/afgrc.com\/index.php\/wp-json\/wp\/v2\/pages\/1147"}],"collection":[{"href":"https:\/\/afgrc.com\/index.php\/wp-json\/wp\/v2\/pages"}],"about":[{"href":"https:\/\/afgrc.com\/index.php\/wp-json\/wp\/v2\/types\/page"}],"author":[{"embeddable":true,"href":"https:\/\/afgrc.com\/index.php\/wp-json\/wp\/v2\/users\/2"}],"replies":[{"embeddable":true,"href":"https:\/\/afgrc.com\/index.php\/wp-json\/wp\/v2\/comments?post=1147"}],"version-history":[{"count":4,"href":"https:\/\/afgrc.com\/index.php\/wp-json\/wp\/v2\/pages\/1147\/revisions"}],"predecessor-version":[{"id":1156,"href":"https:\/\/afgrc.com\/index.php\/wp-json\/wp\/v2\/pages\/1147\/revisions\/1156"}],"wp:attachment":[{"href":"https:\/\/afgrc.com\/index.php\/wp-json\/wp\/v2\/media?parent=1147"}],"curies":[{"name":"wp","href":"https:\/\/api.w.org\/{rel}","templated":true}]}}