{"id":914,"date":"2024-08-15T15:31:07","date_gmt":"2024-08-15T15:31:07","guid":{"rendered":"https:\/\/afgrc.com\/?page_id=914"},"modified":"2024-08-16T18:41:23","modified_gmt":"2024-08-16T18:41:23","slug":"staff","status":"publish","type":"page","link":"https:\/\/afgrc.com\/index.php\/en\/staff\/","title":{"rendered":""},"content":{"rendered":"\n<div data-widget-id=\"4\" id=\"wps-widget--team-4\" style=\"visibility: hidden; opacity: 0\" class=\"wps-container wps-widget wps-widget--team wps-team-theme--square-02 wps-team--type-grid wps-team-card-action--single-page wps--thumb-round wps-team--social-hover-up wps-team--thumbnail-shad-alt\">\n    \n    \n    <div class=\"wps-container--inner\">\n\n                \n        \n            <div class=\"wps-row\">\n\n                \n                                \n                    <div class=\"wps-col wps-widget--item wps-widget--item-774 \">\n                        <div class=\"wpspeedo-team--single\">\n                            <div class=\"wps-team--single-inner\">\n                                \n                                <div class=\"team-member--thumbnail-wrapper wps-team--member-element\"><div class=\"team-member--thumbnail\"><a href=\"https:\/\/afgrc.com\/index.php\/wps-members\/farhat-diba-anwari-2\/\" class=\"wpspeedo-team--url\" aria-label=\"Read More about Farhat Diba Anwari.\"><img fetchpriority=\"high\" decoding=\"async\" width=\"300\" height=\"300\" src=\"https:\/\/afgrc.com\/wp-content\/uploads\/2024\/07\/1-300x300.jpg\" class=\"attachment-medium size-medium wp-post-image\" alt=\"\" srcset=\"https:\/\/afgrc.com\/wp-content\/uploads\/2024\/07\/1-300x300.jpg 300w, https:\/\/afgrc.com\/wp-content\/uploads\/2024\/07\/1-150x150.jpg 150w, https:\/\/afgrc.com\/wp-content\/uploads\/2024\/07\/1.jpg 380w\" sizes=\"(max-width: 300px) 100vw, 300px\" \/><\/a><\/div><\/div><h3 class=\"wps-team--member-title wps-team--member-element team-member--link\"><a href=\"https:\/\/afgrc.com\/index.php\/wps-members\/farhat-diba-anwari-2\/\" class=\"wpspeedo-team--url\">Farhat Diba Anwari<\/a><\/h3><h4 class=\"wps-team--member-desig wps-team--member-element\">Afganistan Temsilcisi<\/h4><div class=\"wps-team--divider-wrapper wps-team--member-element\"><div class=\"wps-team--divider\"><\/div><\/div>\n                            <\/div>\n                        <\/div>\n                    <\/div>\n\n                    \n                \n                                \n                    <div class=\"wps-col wps-widget--item wps-widget--item-66 \">\n                        <div class=\"wpspeedo-team--single\">\n                            <div class=\"wps-team--single-inner\">\n                                \n                                <div class=\"team-member--thumbnail-wrapper wps-team--member-element\"><div class=\"team-member--thumbnail\"><a href=\"https:\/\/afgrc.com\/index.php\/wps-members\/nematullah-habibi\/\" class=\"wpspeedo-team--url\" aria-label=\"Read More about Nematullah Habibi.\"><img decoding=\"async\" width=\"300\" height=\"300\" src=\"https:\/\/afgrc.com\/wp-content\/uploads\/2024\/03\/2023-09-20-22-55-08-055-1536x1536-1-300x300.jpg\" class=\"attachment-medium size-medium wp-post-image\" alt=\"\" srcset=\"https:\/\/afgrc.com\/wp-content\/uploads\/2024\/03\/2023-09-20-22-55-08-055-1536x1536-1-300x300.jpg 300w, https:\/\/afgrc.com\/wp-content\/uploads\/2024\/03\/2023-09-20-22-55-08-055-1536x1536-1-1024x1024.jpg 1024w, https:\/\/afgrc.com\/wp-content\/uploads\/2024\/03\/2023-09-20-22-55-08-055-1536x1536-1-150x150.jpg 150w, https:\/\/afgrc.com\/wp-content\/uploads\/2024\/03\/2023-09-20-22-55-08-055-1536x1536-1-768x768.jpg 768w, https:\/\/afgrc.com\/wp-content\/uploads\/2024\/03\/2023-09-20-22-55-08-055-1536x1536-1.jpg 1536w\" sizes=\"(max-width: 300px) 100vw, 300px\" \/><\/a><\/div><\/div><h3 class=\"wps-team--member-title wps-team--member-element team-member--link\"><a href=\"https:\/\/afgrc.com\/index.php\/wps-members\/nematullah-habibi\/\" class=\"wpspeedo-team--url\">Nematullah Habibi<\/a><\/h3><h4 class=\"wps-team--member-desig wps-team--member-element\">Genel koordinat\u00f6r<\/h4><div class=\"wps-team--divider-wrapper wps-team--member-element\"><div class=\"wps-team--divider\"><\/div><\/div><div class=\"wps-team--member-s-links wps-team--member-element\">\n\t\t\t<ul class=\"wps--social-links wps-si--shape-radius wps-si--b-bg-color--hover wps-si--b-br-color--hover wps-si--b-color\">\n\t\t\t\t<li class=\"wps-si--linkedin\">\n\t\t\t\t\t<a href=\"http:\/\/linkedin.com\/in\/nematullahhabibi\/\" aria-label=\"Social Link\" rel=\"nofollow noopener noreferrer\" target=\"_blank\"><i class=\"fab fa-linkedin\"><\/i><\/a>\n\t\t\t\t<\/li>\t\t\t<\/ul>\n\n\t\t<\/div>\n                            <\/div>\n                        <\/div>\n                    <\/div>\n\n                    \n                \n                                \n                    <div class=\"wps-col wps-widget--item wps-widget--item-972\">\n                        <div class=\"wpspeedo-team--single\">\n                            <div class=\"wps-team--single-inner\">\n                                \n                                <div class=\"team-member--thumbnail-wrapper wps-team--member-element\"><div class=\"team-member--thumbnail\"><a href=\"https:\/\/afgrc.com\/index.php\/wps-members\/zohal-bigzada-3\/\" class=\"wpspeedo-team--url\" aria-label=\"Read More about Zohal Bigzada.\"><img decoding=\"async\" width=\"300\" height=\"217\" src=\"https:\/\/afgrc.com\/wp-content\/uploads\/2024\/03\/Zuhal-Bigzade--e1716658611672-300x217.jpg\" class=\"attachment-medium size-medium wp-post-image\" alt=\"\" srcset=\"https:\/\/afgrc.com\/wp-content\/uploads\/2024\/03\/Zuhal-Bigzade--e1716658611672-300x217.jpg 300w, https:\/\/afgrc.com\/wp-content\/uploads\/2024\/03\/Zuhal-Bigzade--e1716658611672-1024x742.jpg 1024w, https:\/\/afgrc.com\/wp-content\/uploads\/2024\/03\/Zuhal-Bigzade--e1716658611672-768x557.jpg 768w, https:\/\/afgrc.com\/wp-content\/uploads\/2024\/03\/Zuhal-Bigzade--e1716658611672.jpg 1192w\" sizes=\"(max-width: 300px) 100vw, 300px\" \/><\/a><\/div><\/div><h3 class=\"wps-team--member-title wps-team--member-element team-member--link\"><a href=\"https:\/\/afgrc.com\/index.php\/wps-members\/zohal-bigzada-3\/\" class=\"wpspeedo-team--url\">Zohal Bigzada<\/a><\/h3><h4 class=\"wps-team--member-desig wps-team--member-element\">Education coordinator<\/h4><div class=\"wps-team--divider-wrapper wps-team--member-element\"><div class=\"wps-team--divider\"><\/div><\/div>\n                            <\/div>\n                        <\/div>\n                    <\/div>\n\n                    \n                \n                                \n                    <div class=\"wps-col wps-widget--item wps-widget--item-75 \">\n                        <div class=\"wpspeedo-team--single\">\n                            <div class=\"wps-team--single-inner\">\n                                \n                                <div class=\"team-member--thumbnail-wrapper wps-team--member-element\"><div class=\"team-member--thumbnail\"><a href=\"https:\/\/afgrc.com\/index.php\/wps-members\/abdul-satar-kawa\/\" class=\"wpspeedo-team--url\" aria-label=\"Read More about Abdul Satar KAWA.\"><img loading=\"lazy\" decoding=\"async\" width=\"300\" height=\"198\" src=\"https:\/\/afgrc.com\/wp-content\/uploads\/2024\/03\/Satar--300x198.jpg\" class=\"attachment-medium size-medium wp-post-image\" alt=\"\" srcset=\"https:\/\/afgrc.com\/wp-content\/uploads\/2024\/03\/Satar--300x198.jpg 300w, https:\/\/afgrc.com\/wp-content\/uploads\/2024\/03\/Satar--1024x677.jpg 1024w, https:\/\/afgrc.com\/wp-content\/uploads\/2024\/03\/Satar--768x508.jpg 768w, https:\/\/afgrc.com\/wp-content\/uploads\/2024\/03\/Satar--820x545.jpg 820w, https:\/\/afgrc.com\/wp-content\/uploads\/2024\/03\/Satar-.jpg 1440w\" sizes=\"(max-width: 300px) 100vw, 300px\" \/><\/a><\/div><\/div><h3 class=\"wps-team--member-title wps-team--member-element team-member--link\"><a href=\"https:\/\/afgrc.com\/index.php\/wps-members\/abdul-satar-kawa\/\" class=\"wpspeedo-team--url\">Abdul Satar KAWA<\/a><\/h3><h4 class=\"wps-team--member-desig wps-team--member-element\">Y\u00f6netim Kurulu Ba\u015fkan Yard\u0131mc\u0131s\u0131<\/h4><div class=\"wps-team--divider-wrapper wps-team--member-element\"><div class=\"wps-team--divider\"><\/div><\/div>\n                            <\/div>\n                        <\/div>\n                    <\/div>\n\n                    \n                \n                                \n                    <div class=\"wps-col wps-widget--item wps-widget--item-74 \">\n                        <div class=\"wpspeedo-team--single\">\n                            <div class=\"wps-team--single-inner\">\n                                \n                                <div class=\"team-member--thumbnail-wrapper wps-team--member-element\"><div class=\"team-member--thumbnail\"><a href=\"https:\/\/afgrc.com\/index.php\/wps-members\/busra-demir\/\" class=\"wpspeedo-team--url\" aria-label=\"Read More about B\u00fc\u015fra Demir.\"><img loading=\"lazy\" decoding=\"async\" width=\"260\" height=\"300\" src=\"https:\/\/afgrc.com\/wp-content\/uploads\/2024\/03\/Busra-demir-scaled-e1716658488135-260x300.jpg\" class=\"attachment-medium size-medium wp-post-image\" alt=\"\" srcset=\"https:\/\/afgrc.com\/wp-content\/uploads\/2024\/03\/Busra-demir-scaled-e1716658488135-260x300.jpg 260w, https:\/\/afgrc.com\/wp-content\/uploads\/2024\/03\/Busra-demir-scaled-e1716658488135-888x1024.jpg 888w, https:\/\/afgrc.com\/wp-content\/uploads\/2024\/03\/Busra-demir-scaled-e1716658488135-768x885.jpg 768w, https:\/\/afgrc.com\/wp-content\/uploads\/2024\/03\/Busra-demir-scaled-e1716658488135.jpg 1140w\" sizes=\"(max-width: 260px) 100vw, 260px\" \/><\/a><\/div><\/div><h3 class=\"wps-team--member-title wps-team--member-element team-member--link\"><a href=\"https:\/\/afgrc.com\/index.php\/wps-members\/busra-demir\/\" class=\"wpspeedo-team--url\">B\u00fc\u015fra Demir<\/a><\/h3><h4 class=\"wps-team--member-desig wps-team--member-element\">Edit\u00f6r<\/h4><div class=\"wps-team--divider-wrapper wps-team--member-element\"><div class=\"wps-team--divider\"><\/div><\/div>\n                            <\/div>\n                        <\/div>\n                    <\/div>\n\n                    \n                \n                                \n                    <div class=\"wps-col wps-widget--item wps-widget--item-76 \">\n                        <div class=\"wpspeedo-team--single\">\n                            <div class=\"wps-team--single-inner\">\n                                \n                                <div class=\"team-member--thumbnail-wrapper wps-team--member-element\"><div class=\"team-member--thumbnail\"><a href=\"https:\/\/afgrc.com\/index.php\/wps-members\/farzin-oighoon\/\" class=\"wpspeedo-team--url\" aria-label=\"Read More about Farzin Oighoon.\"><img loading=\"lazy\" decoding=\"async\" width=\"241\" height=\"300\" src=\"https:\/\/afgrc.com\/wp-content\/uploads\/2024\/03\/Farzin-d-e1716658210823-241x300.png\" class=\"attachment-medium size-medium wp-post-image\" alt=\"\" srcset=\"https:\/\/afgrc.com\/wp-content\/uploads\/2024\/03\/Farzin-d-e1716658210823-241x300.png 241w, https:\/\/afgrc.com\/wp-content\/uploads\/2024\/03\/Farzin-d-e1716658210823-824x1024.png 824w, https:\/\/afgrc.com\/wp-content\/uploads\/2024\/03\/Farzin-d-e1716658210823-768x954.png 768w, https:\/\/afgrc.com\/wp-content\/uploads\/2024\/03\/Farzin-d-e1716658210823-1236x1536.png 1236w, https:\/\/afgrc.com\/wp-content\/uploads\/2024\/03\/Farzin-d-e1716658210823-1648x2048.png 1648w, https:\/\/afgrc.com\/wp-content\/uploads\/2024\/03\/Farzin-d-e1716658210823.png 1658w\" sizes=\"(max-width: 241px) 100vw, 241px\" \/><\/a><\/div><\/div><h3 class=\"wps-team--member-title wps-team--member-element team-member--link\"><a href=\"https:\/\/afgrc.com\/index.php\/wps-members\/farzin-oighoon\/\" class=\"wpspeedo-team--url\">Farzin Oighoon<\/a><\/h3><h4 class=\"wps-team--member-desig wps-team--member-element\">Y\u00f6netim Kurulu Ba\u015fkan\u0131<\/h4><div class=\"wps-team--divider-wrapper wps-team--member-element\"><div class=\"wps-team--divider\"><\/div><\/div>\n                            <\/div>\n                        <\/div>\n                    <\/div>\n\n                    \n                \n                                \n                    <div class=\"wps-col wps-widget--item wps-widget--item-77 \">\n                        <div class=\"wpspeedo-team--single\">\n                            <div class=\"wps-team--single-inner\">\n                                \n                                <div class=\"team-member--thumbnail-wrapper wps-team--member-element\"><div class=\"team-member--thumbnail\"><a href=\"https:\/\/afgrc.com\/index.php\/wps-members\/hassina-azizi\/\" class=\"wpspeedo-team--url\" aria-label=\"Read More about Hassina Azizi.\"><img loading=\"lazy\" decoding=\"async\" width=\"272\" height=\"300\" src=\"https:\/\/afgrc.com\/wp-content\/uploads\/2024\/03\/Hassina-23-kopya-272x300.jpg\" class=\"attachment-medium size-medium wp-post-image\" alt=\"\" srcset=\"https:\/\/afgrc.com\/wp-content\/uploads\/2024\/03\/Hassina-23-kopya-272x300.jpg 272w, https:\/\/afgrc.com\/wp-content\/uploads\/2024\/03\/Hassina-23-kopya-768x849.jpg 768w, https:\/\/afgrc.com\/wp-content\/uploads\/2024\/03\/Hassina-23-kopya.jpg 887w\" sizes=\"(max-width: 272px) 100vw, 272px\" \/><\/a><\/div><\/div><h3 class=\"wps-team--member-title wps-team--member-element team-member--link\"><a href=\"https:\/\/afgrc.com\/index.php\/wps-members\/hassina-azizi\/\" class=\"wpspeedo-team--url\">Hassina Azizi<\/a><\/h3><h4 class=\"wps-team--member-desig wps-team--member-element\">Sosyal ve K\u00fclt\u00fcrel \u00c7al\u0131\u015fmalar Koordinat\u00f6r\u00fc<\/h4><div class=\"wps-team--divider-wrapper wps-team--member-element\"><div class=\"wps-team--divider\"><\/div><\/div>\n                            <\/div>\n                        <\/div>\n                    <\/div>\n\n                    \n                        \n            <\/div>\n\n        \n                \n        <div class=\"wps-team--not-found-wrapper\">\n            <div class=\"wps-team--not-found\">No Results Found<\/div>\n        <\/div>\n\n        \n    <\/div>\n\n        \n<\/div>","protected":false},"excerpt":{"rendered":"","protected":false},"author":2,"featured_media":0,"parent":0,"menu_order":0,"comment_status":"closed","ping_status":"closed","template":"","meta":{"footnotes":""},"_links":{"self":[{"href":"https:\/\/afgrc.com\/index.php\/wp-json\/wp\/v2\/pages\/914"}],"collection":[{"href":"https:\/\/afgrc.com\/index.php\/wp-json\/wp\/v2\/pages"}],"about":[{"href":"https:\/\/afgrc.com\/index.php\/wp-json\/wp\/v2\/types\/page"}],"author":[{"embeddable":true,"href":"https:\/\/afgrc.com\/index.php\/wp-json\/wp\/v2\/users\/2"}],"replies":[{"embeddable":true,"href":"https:\/\/afgrc.com\/index.php\/wp-json\/wp\/v2\/comments?post=914"}],"version-history":[{"count":4,"href":"https:\/\/afgrc.com\/index.php\/wp-json\/wp\/v2\/pages\/914\/revisions"}],"predecessor-version":[{"id":921,"href":"https:\/\/afgrc.com\/index.php\/wp-json\/wp\/v2\/pages\/914\/revisions\/921"}],"wp:attachment":[{"href":"https:\/\/afgrc.com\/index.php\/wp-json\/wp\/v2\/media?parent=914"}],"curies":[{"name":"wp","href":"https:\/\/api.w.org\/{rel}","templated":true}]}}